{"id":16,"date":"2018-01-24T00:41:21","date_gmt":"2018-01-23T23:41:21","guid":{"rendered":"https:\/\/www.martintamasfi.eu\/?page_id=16"},"modified":"2018-05-30T01:34:39","modified_gmt":"2018-05-29T23:34:39","slug":"kontakt","status":"publish","type":"page","link":"https:\/\/www.martintamasfi.eu\/en\/kontakt\/","title":{"rendered":"Contact"},"content":{"rendered":"<p>&nbsp;<\/p>\n<p style=\"text-align: center;\"><span style=\"font-size: 20px;\">Mgr. Martin Tam\u00e1sfi<\/span><\/p>\n<p style=\"text-align: center;\"><span style=\"font-size: 20px;\">Tatransk\u00e1 Polianka 1<br \/>\n<\/span><span style=\"font-size: 20px;\">062 01 Star\u00fd Smokovec<\/span><\/p>\n<p style=\"text-align: center;\"><span style=\"font-size: 20px;\">tel. +421 908 329 961<br \/>\n<\/span><span style=\"font-size: 20px;\">art@martintamasfi.eu<\/span><\/p>\n<p>&nbsp;<\/p>\n","protected":false},"excerpt":{"rendered":"<p>&nbsp; Mgr. Martin Tam\u00e1sfi Tatransk\u00e1 Polianka 1 062 01 Star\u00fd Smokovec tel. +421 908 329 961 art@martintamasfi.eu &nbsp;<\/p>\n","protected":false},"author":2,"featured_media":0,"parent":0,"menu_order":0,"comment_status":"closed","ping_status":"closed","template":"fullpage.php","meta":{"footnotes":""},"class_list":["post-16","page","type-page","status-publish","hentry"],"yoast_head":"<!-- This site is optimized with the Yoast SEO plugin v27.4 - https:\/\/yoast.com\/product\/yoast-seo-wordpress\/ -->\n<title>Contact<\/title>\n<meta name=\"robots\" content=\"index, follow, max-snippet:-1, max-image-preview:large, max-video-preview:-1\" \/>\n<link rel=\"canonical\" href=\"https:\/\/www.martintamasfi.eu\/en\/kontakt\/\" \/>\n<meta property=\"og:locale\" content=\"en_GB\" \/>\n<meta property=\"og:locale:alternate\" content=\"sk_SK\" \/>\n<meta property=\"og:type\" content=\"article\" \/>\n<meta property=\"og:title\" content=\"Contact\" \/>\n<meta property=\"og:description\" content=\"&nbsp; Mgr. Martin Tam\u00e1sfi Tatransk\u00e1 Polianka 1 062 01 Star\u00fd Smokovec tel. +421 908 329 961 art@martintamasfi.eu &nbsp;\" \/>\n<meta property=\"og:url\" content=\"https:\/\/www.martintamasfi.eu\/en\/kontakt\/\" \/>\n<meta property=\"article:modified_time\" content=\"2018-05-29T23:34:39+00:00\" \/>\n<meta name=\"twitter:card\" content=\"summary_large_image\" \/>\n<script type=\"application\/ld+json\" class=\"yoast-schema-graph\">{\"@context\":\"https:\\\/\\\/schema.org\",\"@graph\":[{\"@type\":\"WebPage\",\"@id\":\"https:\\\/\\\/www.martintamasfi.eu\\\/en\\\/kontakt\\\/\",\"url\":\"https:\\\/\\\/www.martintamasfi.eu\\\/en\\\/kontakt\\\/\",\"name\":\"Contact\",\"isPartOf\":{\"@id\":\"https:\\\/\\\/www.martintamasfi.eu\\\/en\\\/#website\"},\"datePublished\":\"2018-01-23T23:41:21+00:00\",\"dateModified\":\"2018-05-29T23:34:39+00:00\",\"inLanguage\":\"en-GB\",\"potentialAction\":[{\"@type\":\"ReadAction\",\"target\":[\"https:\\\/\\\/www.martintamasfi.eu\\\/en\\\/kontakt\\\/\"]}]},{\"@type\":\"WebSite\",\"@id\":\"https:\\\/\\\/www.martintamasfi.eu\\\/en\\\/#website\",\"url\":\"https:\\\/\\\/www.martintamasfi.eu\\\/en\\\/\",\"name\":\"\",\"description\":\"\",\"publisher\":{\"@id\":\"https:\\\/\\\/www.martintamasfi.eu\\\/en\\\/#\\\/schema\\\/person\\\/ceef19c5648c738d2afb6f50add5f6e9\"},\"potentialAction\":[{\"@type\":\"SearchAction\",\"target\":{\"@type\":\"EntryPoint\",\"urlTemplate\":\"https:\\\/\\\/www.martintamasfi.eu\\\/en\\\/?s={search_term_string}\"},\"query-input\":{\"@type\":\"PropertyValueSpecification\",\"valueRequired\":true,\"valueName\":\"search_term_string\"}}],\"inLanguage\":\"en-GB\"},{\"@type\":[\"Person\",\"Organization\"],\"@id\":\"https:\\\/\\\/www.martintamasfi.eu\\\/en\\\/#\\\/schema\\\/person\\\/ceef19c5648c738d2afb6f50add5f6e9\",\"name\":\"Martin Tam\u00e1sfi\",\"image\":{\"@type\":\"ImageObject\",\"inLanguage\":\"en-GB\",\"@id\":\"https:\\\/\\\/secure.gravatar.com\\\/avatar\\\/7a92ac18025407659d7b08d53d151b9499b37c36e10e514156e89eb2643c841f?s=96&d=mm&r=g\",\"url\":\"https:\\\/\\\/secure.gravatar.com\\\/avatar\\\/7a92ac18025407659d7b08d53d151b9499b37c36e10e514156e89eb2643c841f?s=96&d=mm&r=g\",\"contentUrl\":\"https:\\\/\\\/secure.gravatar.com\\\/avatar\\\/7a92ac18025407659d7b08d53d151b9499b37c36e10e514156e89eb2643c841f?s=96&d=mm&r=g\",\"caption\":\"Martin Tam\u00e1sfi\"},\"logo\":{\"@id\":\"https:\\\/\\\/secure.gravatar.com\\\/avatar\\\/7a92ac18025407659d7b08d53d151b9499b37c36e10e514156e89eb2643c841f?s=96&d=mm&r=g\"}}]}<\/script>\n<!-- \/ Yoast SEO plugin. -->","yoast_head_json":{"title":"Contact","robots":{"index":"index","follow":"follow","max-snippet":"max-snippet:-1","max-image-preview":"max-image-preview:large","max-video-preview":"max-video-preview:-1"},"canonical":"https:\/\/www.martintamasfi.eu\/en\/kontakt\/","og_locale":"en_GB","og_type":"article","og_title":"[:sk]Kontakt[:en]Contact[:] -","og_description":"&nbsp; Mgr. Martin Tam\u00e1sfi Tatransk\u00e1 Polianka 1 062 01 Star\u00fd Smokovec tel. +421 908 329 961 art@martintamasfi.eu &nbsp;","og_url":"https:\/\/www.martintamasfi.eu\/en\/kontakt\/","article_modified_time":"2018-05-29T23:34:39+00:00","twitter_card":"summary_large_image","schema":{"@context":"https:\/\/schema.org","@graph":[{"@type":"WebPage","@id":"https:\/\/www.martintamasfi.eu\/en\/kontakt\/","url":"https:\/\/www.martintamasfi.eu\/en\/kontakt\/","name":"Contact","isPartOf":{"@id":"https:\/\/www.martintamasfi.eu\/en\/#website"},"datePublished":"2018-01-23T23:41:21+00:00","dateModified":"2018-05-29T23:34:39+00:00","inLanguage":"en-GB","potentialAction":[{"@type":"ReadAction","target":["https:\/\/www.martintamasfi.eu\/en\/kontakt\/"]}]},{"@type":"WebSite","@id":"https:\/\/www.martintamasfi.eu\/en\/#website","url":"https:\/\/www.martintamasfi.eu\/en\/","name":"","description":"","publisher":{"@id":"https:\/\/www.martintamasfi.eu\/en\/#\/schema\/person\/ceef19c5648c738d2afb6f50add5f6e9"},"potentialAction":[{"@type":"SearchAction","target":{"@type":"EntryPoint","urlTemplate":"https:\/\/www.martintamasfi.eu\/en\/?s={search_term_string}"},"query-input":{"@type":"PropertyValueSpecification","valueRequired":true,"valueName":"search_term_string"}}],"inLanguage":"en-GB"},{"@type":["Person","Organization"],"@id":"https:\/\/www.martintamasfi.eu\/en\/#\/schema\/person\/ceef19c5648c738d2afb6f50add5f6e9","name":"Martin Tam\u00e1sfi","image":{"@type":"ImageObject","inLanguage":"en-GB","@id":"https:\/\/secure.gravatar.com\/avatar\/7a92ac18025407659d7b08d53d151b9499b37c36e10e514156e89eb2643c841f?s=96&d=mm&r=g","url":"https:\/\/secure.gravatar.com\/avatar\/7a92ac18025407659d7b08d53d151b9499b37c36e10e514156e89eb2643c841f?s=96&d=mm&r=g","contentUrl":"https:\/\/secure.gravatar.com\/avatar\/7a92ac18025407659d7b08d53d151b9499b37c36e10e514156e89eb2643c841f?s=96&d=mm&r=g","caption":"Martin Tam\u00e1sfi"},"logo":{"@id":"https:\/\/secure.gravatar.com\/avatar\/7a92ac18025407659d7b08d53d151b9499b37c36e10e514156e89eb2643c841f?s=96&d=mm&r=g"}}]}},"_links":{"self":[{"href":"https:\/\/www.martintamasfi.eu\/en\/wp-json\/wp\/v2\/pages\/16","targetHints":{"allow":["GET"]}}],"collection":[{"href":"https:\/\/www.martintamasfi.eu\/en\/wp-json\/wp\/v2\/pages"}],"about":[{"href":"https:\/\/www.martintamasfi.eu\/en\/wp-json\/wp\/v2\/types\/page"}],"author":[{"embeddable":true,"href":"https:\/\/www.martintamasfi.eu\/en\/wp-json\/wp\/v2\/users\/2"}],"replies":[{"embeddable":true,"href":"https:\/\/www.martintamasfi.eu\/en\/wp-json\/wp\/v2\/comments?post=16"}],"version-history":[{"count":20,"href":"https:\/\/www.martintamasfi.eu\/en\/wp-json\/wp\/v2\/pages\/16\/revisions"}],"predecessor-version":[{"id":572,"href":"https:\/\/www.martintamasfi.eu\/en\/wp-json\/wp\/v2\/pages\/16\/revisions\/572"}],"wp:attachment":[{"href":"https:\/\/www.martintamasfi.eu\/en\/wp-json\/wp\/v2\/media?parent=16"}],"curies":[{"name":"wp","href":"https:\/\/api.w.org\/{rel}","templated":true}]}}